{"id":485,"date":"2023-11-29T07:25:11","date_gmt":"2023-11-29T07:25:11","guid":{"rendered":"https:\/\/zahnaerzte-frick.ch\/?page_id=485"},"modified":"2023-11-30T18:10:59","modified_gmt":"2023-11-30T18:10:59","slug":"zahnersatz","status":"publish","type":"page","link":"https:\/\/zahnaerzte-frick.ch\/?page_id=485","title":{"rendered":"Zahnersatz"},"content":{"rendered":"\t\t<div data-elementor-type=\"wp-page\" data-elementor-id=\"485\" class=\"elementor elementor-485\" data-elementor-post-type=\"page\">\n\t\t\t\t\t\t\t<div class=\"elementor-element elementor-element-e6209f0 e-grid e-con-full e-con e-parent\" data-id=\"e6209f0\" data-element_type=\"container\" data-settings=\"{&quot;container_type&quot;:&quot;grid&quot;,&quot;grid_columns_grid&quot;:{&quot;unit&quot;:&quot;fr&quot;,&quot;size&quot;:2,&quot;sizes&quot;:[]},&quot;grid_rows_grid&quot;:{&quot;unit&quot;:&quot;fr&quot;,&quot;size&quot;:&quot;1&quot;,&quot;sizes&quot;:[]},&quot;grid_rows_grid_mobile&quot;:{&quot;unit&quot;:&quot;fr&quot;,&quot;size&quot;:&quot;1&quot;,&quot;sizes&quot;:[]},&quot;content_width&quot;:&quot;full&quot;,&quot;grid_auto_flow&quot;:&quot;column&quot;,&quot;background_background&quot;:&quot;gradient&quot;,&quot;grid_columns_grid_tablet&quot;:{&quot;unit&quot;:&quot;fr&quot;,&quot;size&quot;:1,&quot;sizes&quot;:[]},&quot;grid_rows_grid_tablet&quot;:{&quot;unit&quot;:&quot;fr&quot;,&quot;size&quot;:1,&quot;sizes&quot;:[]},&quot;grid_outline&quot;:&quot;yes&quot;,&quot;grid_columns_grid_mobile&quot;:{&quot;unit&quot;:&quot;fr&quot;,&quot;size&quot;:1,&quot;sizes&quot;:[]},&quot;grid_auto_flow_tablet&quot;:&quot;row&quot;,&quot;grid_auto_flow_mobile&quot;:&quot;row&quot;}\" data-core-v316-plus=\"true\">\n\t\t<div class=\"elementor-element elementor-element-8792b81 e-con-full e-flex e-con e-child\" data-id=\"8792b81\" data-element_type=\"container\" data-settings=\"{&quot;content_width&quot;:&quot;full&quot;,&quot;container_type&quot;:&quot;flex&quot;}\">\n\t\t\t\t<div class=\"elementor-element elementor-element-6d9d201 elementor-widget elementor-widget-text-editor\" data-id=\"6d9d201\" data-element_type=\"widget\" data-widget_type=\"text-editor.default\">\n\t\t\t\t<div class=\"elementor-widget-container\">\n\t\t\t<style>\/*! elementor - v3.17.0 - 08-11-2023 *\/\n.elementor-widget-text-editor.elementor-drop-cap-view-stacked .elementor-drop-cap{background-color:#69727d;color:#fff}.elementor-widget-text-editor.elementor-drop-cap-view-framed .elementor-drop-cap{color:#69727d;border:3px solid;background-color:transparent}.elementor-widget-text-editor:not(.elementor-drop-cap-view-default) .elementor-drop-cap{margin-top:8px}.elementor-widget-text-editor:not(.elementor-drop-cap-view-default) .elementor-drop-cap-letter{width:1em;height:1em}.elementor-widget-text-editor .elementor-drop-cap{float:left;text-align:center;line-height:1;font-size:50px}.elementor-widget-text-editor .elementor-drop-cap-letter{display:inline-block}<\/style>\t\t\t\t<p>Leistungen<\/p>\t\t\t\t\t\t<\/div>\n\t\t\t\t<\/div>\n\t\t\t\t<div class=\"elementor-element elementor-element-93c652f elementor-widget elementor-widget-heading\" data-id=\"93c652f\" data-element_type=\"widget\" data-widget_type=\"heading.default\">\n\t\t\t\t<div class=\"elementor-widget-container\">\n\t\t\t<style>\/*! elementor - v3.17.0 - 08-11-2023 *\/\n.elementor-heading-title{padding:0;margin:0;line-height:1}.elementor-widget-heading .elementor-heading-title[class*=elementor-size-]>a{color:inherit;font-size:inherit;line-height:inherit}.elementor-widget-heading .elementor-heading-title.elementor-size-small{font-size:15px}.elementor-widget-heading .elementor-heading-title.elementor-size-medium{font-size:19px}.elementor-widget-heading .elementor-heading-title.elementor-size-large{font-size:29px}.elementor-widget-heading .elementor-heading-title.elementor-size-xl{font-size:39px}.elementor-widget-heading .elementor-heading-title.elementor-size-xxl{font-size:59px}<\/style><h2 class=\"elementor-heading-title elementor-size-default\">Zahnersatz<\/h2>\t\t<\/div>\n\t\t\t\t<\/div>\n\t\t\t\t<\/div>\n\t\t<div class=\"elementor-element elementor-element-7fca370 e-con-full e-flex e-con e-child\" data-id=\"7fca370\" data-element_type=\"container\" data-settings=\"{&quot;content_width&quot;:&quot;full&quot;,&quot;container_type&quot;:&quot;flex&quot;}\">\n\t\t\t\t<div class=\"elementor-element elementor-element-c3e2aa5 elementor-widget elementor-widget-text-editor\" data-id=\"c3e2aa5\" data-element_type=\"widget\" data-widget_type=\"text-editor.default\">\n\t\t\t\t<div class=\"elementor-widget-container\">\n\t\t\t\t\t\t\t<p>Zahnersatz bei Argodentis- Massgeschneiderte L\u00f6sungen f\u00fcr Ihr L\u00e4cheln in Aarburg<\/p>\t\t\t\t\t\t<\/div>\n\t\t\t\t<\/div>\n\t\t\t\t<\/div>\n\t\t\t\t<\/div>\n\t\t<div class=\"elementor-element elementor-element-79c192f e-con-full e-flex e-con e-parent\" data-id=\"79c192f\" data-element_type=\"container\" data-settings=\"{&quot;content_width&quot;:&quot;full&quot;,&quot;background_background&quot;:&quot;classic&quot;,&quot;container_type&quot;:&quot;flex&quot;}\" data-core-v316-plus=\"true\">\n\t\t\t\t<\/div>\n\t\t<div class=\"elementor-element elementor-element-eec3614 e-con-full e-flex e-con e-parent\" data-id=\"eec3614\" data-element_type=\"container\" data-settings=\"{&quot;content_width&quot;:&quot;full&quot;,&quot;container_type&quot;:&quot;flex&quot;}\" data-core-v316-plus=\"true\">\n\t\t\t\t<div class=\"elementor-element elementor-element-c522e0e text-gradient elementor-widget elementor-widget-heading\" data-id=\"c522e0e\" data-element_type=\"widget\" data-widget_type=\"heading.default\">\n\t\t\t\t<div class=\"elementor-widget-container\">\n\t\t\t<h2 class=\"elementor-heading-title elementor-size-default\">Individueller Zahnersatz \u2013 Der Schl\u00fcssel zu Ihrem nat\u00fcrlichen L\u00e4cheln<\/h2>\t\t<\/div>\n\t\t\t\t<\/div>\n\t\t<div class=\"elementor-element elementor-element-7464dcd e-grid e-con-full e-con e-child\" data-id=\"7464dcd\" data-element_type=\"container\" data-settings=\"{&quot;container_type&quot;:&quot;grid&quot;,&quot;content_width&quot;:&quot;full&quot;,&quot;grid_rows_grid&quot;:{&quot;unit&quot;:&quot;fr&quot;,&quot;size&quot;:1,&quot;sizes&quot;:[]},&quot;grid_outline&quot;:&quot;yes&quot;,&quot;grid_columns_grid&quot;:{&quot;unit&quot;:&quot;fr&quot;,&quot;size&quot;:3,&quot;sizes&quot;:[]},&quot;grid_columns_grid_tablet&quot;:{&quot;unit&quot;:&quot;fr&quot;,&quot;size&quot;:&quot;&quot;,&quot;sizes&quot;:[]},&quot;grid_columns_grid_mobile&quot;:{&quot;unit&quot;:&quot;fr&quot;,&quot;size&quot;:1,&quot;sizes&quot;:[]},&quot;grid_rows_grid_tablet&quot;:{&quot;unit&quot;:&quot;fr&quot;,&quot;size&quot;:&quot;&quot;,&quot;sizes&quot;:[]},&quot;grid_rows_grid_mobile&quot;:{&quot;unit&quot;:&quot;fr&quot;,&quot;size&quot;:&quot;&quot;,&quot;sizes&quot;:[]},&quot;grid_auto_flow&quot;:&quot;row&quot;,&quot;grid_auto_flow_tablet&quot;:&quot;row&quot;,&quot;grid_auto_flow_mobile&quot;:&quot;row&quot;}\">\n\t\t\t\t<div class=\"elementor-element elementor-element-09eee30 elementor-widget elementor-widget-image\" data-id=\"09eee30\" data-element_type=\"widget\" data-widget_type=\"image.default\">\n\t\t\t\t<div class=\"elementor-widget-container\">\n\t\t\t<style>\/*! elementor - v3.17.0 - 08-11-2023 *\/\n.elementor-widget-image{text-align:center}.elementor-widget-image a{display:inline-block}.elementor-widget-image a img[src$=\".svg\"]{width:48px}.elementor-widget-image img{vertical-align:middle;display:inline-block}<\/style>\t\t\t\t\t\t\t\t\t\t\t\t<img fetchpriority=\"high\" decoding=\"async\" width=\"1920\" height=\"1080\" src=\"https:\/\/zahnaerzte-frick.ch\/wp-content\/uploads\/2023\/11\/Bild-3-1.png\" class=\"attachment-full size-full wp-image-982\" alt=\"\" srcset=\"https:\/\/zahnaerzte-frick.ch\/wp-content\/uploads\/2023\/11\/Bild-3-1.png 1920w, https:\/\/zahnaerzte-frick.ch\/wp-content\/uploads\/2023\/11\/Bild-3-1-300x169.png 300w, https:\/\/zahnaerzte-frick.ch\/wp-content\/uploads\/2023\/11\/Bild-3-1-1024x576.png 1024w, https:\/\/zahnaerzte-frick.ch\/wp-content\/uploads\/2023\/11\/Bild-3-1-768x432.png 768w, https:\/\/zahnaerzte-frick.ch\/wp-content\/uploads\/2023\/11\/Bild-3-1-1536x864.png 1536w\" sizes=\"(max-width: 1920px) 100vw, 1920px\" \/>\t\t\t\t\t\t\t\t\t\t\t\t\t\t\t<\/div>\n\t\t\t\t<\/div>\n\t\t\t\t<div class=\"elementor-element elementor-element-a93ec4a elementor-widget elementor-widget-image\" data-id=\"a93ec4a\" data-element_type=\"widget\" data-widget_type=\"image.default\">\n\t\t\t\t<div class=\"elementor-widget-container\">\n\t\t\t\t\t\t\t\t\t\t\t\t\t\t\t<img decoding=\"async\" width=\"1920\" height=\"1080\" src=\"https:\/\/zahnaerzte-frick.ch\/wp-content\/uploads\/2023\/11\/1.png\" class=\"attachment-full size-full wp-image-990\" alt=\"\" srcset=\"https:\/\/zahnaerzte-frick.ch\/wp-content\/uploads\/2023\/11\/1.png 1920w, https:\/\/zahnaerzte-frick.ch\/wp-content\/uploads\/2023\/11\/1-300x169.png 300w, https:\/\/zahnaerzte-frick.ch\/wp-content\/uploads\/2023\/11\/1-1024x576.png 1024w, https:\/\/zahnaerzte-frick.ch\/wp-content\/uploads\/2023\/11\/1-768x432.png 768w, https:\/\/zahnaerzte-frick.ch\/wp-content\/uploads\/2023\/11\/1-1536x864.png 1536w\" sizes=\"(max-width: 1920px) 100vw, 1920px\" \/>\t\t\t\t\t\t\t\t\t\t\t\t\t\t\t<\/div>\n\t\t\t\t<\/div>\n\t\t\t\t<div class=\"elementor-element elementor-element-7325505 elementor-widget elementor-widget-image\" data-id=\"7325505\" data-element_type=\"widget\" data-widget_type=\"image.default\">\n\t\t\t\t<div class=\"elementor-widget-container\">\n\t\t\t\t\t\t\t\t\t\t\t\t\t\t\t<img decoding=\"async\" width=\"1920\" height=\"1080\" src=\"https:\/\/zahnaerzte-frick.ch\/wp-content\/uploads\/2023\/11\/10.png\" class=\"attachment-full size-full wp-image-995\" alt=\"\" srcset=\"https:\/\/zahnaerzte-frick.ch\/wp-content\/uploads\/2023\/11\/10.png 1920w, https:\/\/zahnaerzte-frick.ch\/wp-content\/uploads\/2023\/11\/10-300x169.png 300w, https:\/\/zahnaerzte-frick.ch\/wp-content\/uploads\/2023\/11\/10-1024x576.png 1024w, https:\/\/zahnaerzte-frick.ch\/wp-content\/uploads\/2023\/11\/10-768x432.png 768w, https:\/\/zahnaerzte-frick.ch\/wp-content\/uploads\/2023\/11\/10-1536x864.png 1536w\" sizes=\"(max-width: 1920px) 100vw, 1920px\" \/>\t\t\t\t\t\t\t\t\t\t\t\t\t\t\t<\/div>\n\t\t\t\t<\/div>\n\t\t\t\t<\/div>\n\t\t\t\t<div class=\"elementor-element elementor-element-8af9274 elementor-widget elementor-widget-text-editor\" data-id=\"8af9274\" data-element_type=\"widget\" data-widget_type=\"text-editor.default\">\n\t\t\t\t<div class=\"elementor-widget-container\">\n\t\t\t\t\t\t\t<p>In der Praxis Argodentis in Aarburg ist es unser Ziel, Ihnen mit passgenauem Zahnersatz zu einem \u00e4sthetischen und funktionalen L\u00e4cheln zu verhelfen. Unsere Expertise in der Prothetik erm\u00f6glicht es uns, Ihnen hochwertige L\u00f6sungen anzubieten, die sich nahtlos in Ihr nat\u00fcrliches Erscheinungsbild einf\u00fcgen.<\/p>\t\t\t\t\t\t<\/div>\n\t\t\t\t<\/div>\n\t\t\t\t<div class=\"elementor-element elementor-element-13d61f0 text-gradient elementor-widget elementor-widget-heading\" data-id=\"13d61f0\" data-element_type=\"widget\" data-widget_type=\"heading.default\">\n\t\t\t\t<div class=\"elementor-widget-container\">\n\t\t\t<h2 class=\"elementor-heading-title elementor-size-default\">Modernste Verfahren f\u00fcr Ihre Zufriedenheit<\/h2>\t\t<\/div>\n\t\t\t\t<\/div>\n\t\t\t\t<div class=\"elementor-element elementor-element-6648ae2 elementor-widget elementor-widget-text-editor\" data-id=\"6648ae2\" data-element_type=\"widget\" data-widget_type=\"text-editor.default\">\n\t\t\t\t<div class=\"elementor-widget-container\">\n\t\t\t\t\t\t\t<p>Wir setzen auf modernste Technologien und Materialien, um Ihnen den bestm\u00f6glichen Zahnersatz zu bieten. Ob Sie sich f\u00fcr eine Br\u00fccke, eine Krone oder eine herausnehmbare Prothese entscheiden \u2013 wir arbeiten pr\u00e4zise und mit Blick auf Langlebigkeit und Tragekomfort.<\/p><p>\u00a0<\/p>\t\t\t\t\t\t<\/div>\n\t\t\t\t<\/div>\n\t\t\t\t<div class=\"elementor-element elementor-element-ecd463a text-gradient elementor-widget elementor-widget-heading\" data-id=\"ecd463a\" data-element_type=\"widget\" data-widget_type=\"heading.default\">\n\t\t\t\t<div class=\"elementor-widget-container\">\n\t\t\t<h2 class=\"elementor-heading-title elementor-size-default\">Zahnersatz \u2013 Vielf\u00e4ltig und individuell wie Sie<\/h2>\t\t<\/div>\n\t\t\t\t<\/div>\n\t\t\t\t<div class=\"elementor-element elementor-element-d139ad7 elementor-widget elementor-widget-text-editor\" data-id=\"d139ad7\" data-element_type=\"widget\" data-widget_type=\"text-editor.default\">\n\t\t\t\t<div class=\"elementor-widget-container\">\n\t\t\t\t\t\t\t<p>Jeder Mensch und jedes L\u00e4cheln ist einzigartig. Deshalb bieten wir Ihnen eine breite Palette an Optionen f\u00fcr den Zahnersatz, die individuell auf Ihre Bed\u00fcrfnisse und W\u00fcnsche abgestimmt sind. Wir beraten Sie umfassend zu Materialien, Passform und Pflege, damit Sie die beste Wahl treffen k\u00f6nnen.<\/p><p>\u00a0<\/p>\t\t\t\t\t\t<\/div>\n\t\t\t\t<\/div>\n\t\t\t\t<div class=\"elementor-element elementor-element-3eb5d33 text-gradient elementor-widget elementor-widget-heading\" data-id=\"3eb5d33\" data-element_type=\"widget\" data-widget_type=\"heading.default\">\n\t\t\t\t<div class=\"elementor-widget-container\">\n\t\t\t<h2 class=\"elementor-heading-title elementor-size-default\">Transparenz und Beratung auf Augenh\u00f6he<\/h2>\t\t<\/div>\n\t\t\t\t<\/div>\n\t\t\t\t<div class=\"elementor-element elementor-element-36f46e2 elementor-widget elementor-widget-text-editor\" data-id=\"36f46e2\" data-element_type=\"widget\" data-widget_type=\"text-editor.default\">\n\t\t\t\t<div class=\"elementor-widget-container\">\n\t\t\t\t\t\t\t<p>\u00a0<\/p><p>Unsere zahnmedizinischen Fachkr\u00e4fte nehmen sich die Zeit, Ihnen die verschiedenen M\u00f6glichkeiten des Zahnersatzes verst\u00e4ndlich zu machen. Wir legen gro\u00dfen Wert darauf, dass Sie alle Informationen erhalten, um eine informierte Entscheidung treffen zu k\u00f6nnen.<\/p>\t\t\t\t\t\t<\/div>\n\t\t\t\t<\/div>\n\t\t\t\t<div class=\"elementor-element elementor-element-112197e text-gradient elementor-widget elementor-widget-heading\" data-id=\"112197e\" data-element_type=\"widget\" data-widget_type=\"heading.default\">\n\t\t\t\t<div class=\"elementor-widget-container\">\n\t\t\t<h2 class=\"elementor-heading-title elementor-size-default\">Beginnen Sie Ihr neues Kapitel mit einem strahlenden L\u00e4cheln<\/h2>\t\t<\/div>\n\t\t\t\t<\/div>\n\t\t\t\t<div class=\"elementor-element elementor-element-b30abf7 elementor-widget elementor-widget-text-editor\" data-id=\"b30abf7\" data-element_type=\"widget\" data-widget_type=\"text-editor.default\">\n\t\t\t\t<div class=\"elementor-widget-container\">\n\t\t\t\t\t\t\t<p>\u00a0<\/p><p>Lassen Sie uns gemeinsam den besten Weg zu Ihrem perfekten Zahnersatz finden. Vereinbaren Sie noch heute einen Termin bei Argodentis in Aarburg und kommen Sie Ihrem idealen L\u00e4cheln einen Schritt n\u00e4her. Wir freuen uns darauf, Sie zu begleiten!<\/p>\t\t\t\t\t\t<\/div>\n\t\t\t\t<\/div>\n\t\t\t\t<\/div>\n\t\t<div class=\"elementor-element elementor-element-3bae4c1 e-flex e-con-boxed e-con e-parent\" data-id=\"3bae4c1\" data-element_type=\"container\" data-settings=\"{&quot;container_type&quot;:&quot;flex&quot;,&quot;content_width&quot;:&quot;boxed&quot;}\" data-core-v316-plus=\"true\">\n\t\t\t\t\t<div class=\"e-con-inner\">\n\t\t\t\t<div class=\"elementor-element elementor-element-f7d67f6 elementor-align-center text-blue-gradient elementor-widget elementor-widget-button\" data-id=\"f7d67f6\" data-element_type=\"widget\" data-widget_type=\"button.default\">\n\t\t\t\t<div class=\"elementor-widget-container\">\n\t\t\t\t\t<div class=\"elementor-button-wrapper\">\n\t\t\t<a class=\"elementor-button elementor-button-link elementor-size-md elementor-animation-sink\" href=\"#\">\n\t\t\t\t\t\t<span class=\"elementor-button-content-wrapper\">\n\t\t\t\t\t\t<span class=\"elementor-button-text\">Termin vereinbaren<\/span>\n\t\t<\/span>\n\t\t\t\t\t<\/a>\n\t\t<\/div>\n\t\t\t\t<\/div>\n\t\t\t\t<\/div>\n\t\t\t\t\t<\/div>\n\t\t\t\t<\/div>\n\t\t\t\t\t\t\t<\/div>\n\t\t","protected":false},"excerpt":{"rendered":"<p>Leistungen Zahnersatz Zahnersatz bei Argodentis- Massgeschneiderte L\u00f6sungen f\u00fcr Ihr L\u00e4cheln in Aarburg Individueller Zahnersatz \u2013 Der Schl\u00fcssel zu Ihrem nat\u00fcrlichen L\u00e4cheln In der Praxis Argodentis in Aarburg ist es unser Ziel, Ihnen mit passgenauem Zahnersatz zu einem \u00e4sthetischen und funktionalen L\u00e4cheln zu verhelfen. Unsere Expertise in der Prothetik erm\u00f6glicht es uns, Ihnen hochwertige L\u00f6sungen anzubieten, [&hellip;]<\/p>\n","protected":false},"author":2,"featured_media":0,"parent":0,"menu_order":0,"comment_status":"closed","ping_status":"closed","template":"elementor_header_footer","meta":{"footnotes":""},"class_list":["post-485","page","type-page","status-publish","hentry"],"_links":{"self":[{"href":"https:\/\/zahnaerzte-frick.ch\/index.php?rest_route=\/wp\/v2\/pages\/485","targetHints":{"allow":["GET"]}}],"collection":[{"href":"https:\/\/zahnaerzte-frick.ch\/index.php?rest_route=\/wp\/v2\/pages"}],"about":[{"href":"https:\/\/zahnaerzte-frick.ch\/index.php?rest_route=\/wp\/v2\/types\/page"}],"author":[{"embeddable":true,"href":"https:\/\/zahnaerzte-frick.ch\/index.php?rest_route=\/wp\/v2\/users\/2"}],"replies":[{"embeddable":true,"href":"https:\/\/zahnaerzte-frick.ch\/index.php?rest_route=%2Fwp%2Fv2%2Fcomments&post=485"}],"version-history":[{"count":59,"href":"https:\/\/zahnaerzte-frick.ch\/index.php?rest_route=\/wp\/v2\/pages\/485\/revisions"}],"predecessor-version":[{"id":1039,"href":"https:\/\/zahnaerzte-frick.ch\/index.php?rest_route=\/wp\/v2\/pages\/485\/revisions\/1039"}],"wp:attachment":[{"href":"https:\/\/zahnaerzte-frick.ch\/index.php?rest_route=%2Fwp%2Fv2%2Fmedia&parent=485"}],"curies":[{"name":"wp","href":"https:\/\/api.w.org\/{rel}","templated":true}]}}