{"id":575,"date":"2023-11-29T08:21:48","date_gmt":"2023-11-29T08:21:48","guid":{"rendered":"https:\/\/zahnaerzte-frick.ch\/?page_id=575"},"modified":"2023-11-30T19:50:01","modified_gmt":"2023-11-30T19:50:01","slug":"wurzelbehandlung","status":"publish","type":"page","link":"https:\/\/zahnaerzte-frick.ch\/?page_id=575","title":{"rendered":"Wurzelbehandlung"},"content":{"rendered":"\t\t<div data-elementor-type=\"wp-page\" data-elementor-id=\"575\" class=\"elementor elementor-575\" data-elementor-post-type=\"page\">\n\t\t\t\t\t\t\t<div class=\"elementor-element elementor-element-6aa8c91 e-grid e-con-full e-con e-parent\" data-id=\"6aa8c91\" data-element_type=\"container\" data-settings=\"{&quot;container_type&quot;:&quot;grid&quot;,&quot;grid_columns_grid&quot;:{&quot;unit&quot;:&quot;fr&quot;,&quot;size&quot;:2,&quot;sizes&quot;:[]},&quot;grid_rows_grid&quot;:{&quot;unit&quot;:&quot;fr&quot;,&quot;size&quot;:&quot;1&quot;,&quot;sizes&quot;:[]},&quot;grid_rows_grid_mobile&quot;:{&quot;unit&quot;:&quot;fr&quot;,&quot;size&quot;:&quot;1&quot;,&quot;sizes&quot;:[]},&quot;content_width&quot;:&quot;full&quot;,&quot;grid_auto_flow&quot;:&quot;column&quot;,&quot;background_background&quot;:&quot;gradient&quot;,&quot;grid_columns_grid_tablet&quot;:{&quot;unit&quot;:&quot;fr&quot;,&quot;size&quot;:1,&quot;sizes&quot;:[]},&quot;grid_rows_grid_tablet&quot;:{&quot;unit&quot;:&quot;fr&quot;,&quot;size&quot;:1,&quot;sizes&quot;:[]},&quot;grid_outline&quot;:&quot;yes&quot;,&quot;grid_columns_grid_mobile&quot;:{&quot;unit&quot;:&quot;fr&quot;,&quot;size&quot;:1,&quot;sizes&quot;:[]},&quot;grid_auto_flow_tablet&quot;:&quot;row&quot;,&quot;grid_auto_flow_mobile&quot;:&quot;row&quot;}\" data-core-v316-plus=\"true\">\n\t\t<div class=\"elementor-element elementor-element-bd6ef9e e-con-full e-flex e-con e-child\" data-id=\"bd6ef9e\" data-element_type=\"container\" data-settings=\"{&quot;content_width&quot;:&quot;full&quot;,&quot;container_type&quot;:&quot;flex&quot;}\">\n\t\t\t\t<div class=\"elementor-element elementor-element-c49db42 elementor-widget elementor-widget-text-editor\" data-id=\"c49db42\" data-element_type=\"widget\" data-widget_type=\"text-editor.default\">\n\t\t\t\t<div class=\"elementor-widget-container\">\n\t\t\t<style>\/*! elementor - v3.17.0 - 08-11-2023 *\/\n.elementor-widget-text-editor.elementor-drop-cap-view-stacked .elementor-drop-cap{background-color:#69727d;color:#fff}.elementor-widget-text-editor.elementor-drop-cap-view-framed .elementor-drop-cap{color:#69727d;border:3px solid;background-color:transparent}.elementor-widget-text-editor:not(.elementor-drop-cap-view-default) .elementor-drop-cap{margin-top:8px}.elementor-widget-text-editor:not(.elementor-drop-cap-view-default) .elementor-drop-cap-letter{width:1em;height:1em}.elementor-widget-text-editor .elementor-drop-cap{float:left;text-align:center;line-height:1;font-size:50px}.elementor-widget-text-editor .elementor-drop-cap-letter{display:inline-block}<\/style>\t\t\t\t<p>Leistungen<\/p>\t\t\t\t\t\t<\/div>\n\t\t\t\t<\/div>\n\t\t\t\t<div class=\"elementor-element elementor-element-d3197f5 elementor-widget elementor-widget-heading\" data-id=\"d3197f5\" data-element_type=\"widget\" data-widget_type=\"heading.default\">\n\t\t\t\t<div class=\"elementor-widget-container\">\n\t\t\t<style>\/*! elementor - v3.17.0 - 08-11-2023 *\/\n.elementor-heading-title{padding:0;margin:0;line-height:1}.elementor-widget-heading .elementor-heading-title[class*=elementor-size-]>a{color:inherit;font-size:inherit;line-height:inherit}.elementor-widget-heading .elementor-heading-title.elementor-size-small{font-size:15px}.elementor-widget-heading .elementor-heading-title.elementor-size-medium{font-size:19px}.elementor-widget-heading .elementor-heading-title.elementor-size-large{font-size:29px}.elementor-widget-heading .elementor-heading-title.elementor-size-xl{font-size:39px}.elementor-widget-heading .elementor-heading-title.elementor-size-xxl{font-size:59px}<\/style><h2 class=\"elementor-heading-title elementor-size-default\">Wurzelbehandlung <\/h2>\t\t<\/div>\n\t\t\t\t<\/div>\n\t\t\t\t<\/div>\n\t\t<div class=\"elementor-element elementor-element-bd376f5 e-con-full e-flex e-con e-child\" data-id=\"bd376f5\" data-element_type=\"container\" data-settings=\"{&quot;content_width&quot;:&quot;full&quot;,&quot;container_type&quot;:&quot;flex&quot;}\">\n\t\t\t\t<div class=\"elementor-element elementor-element-d879a56 elementor-widget elementor-widget-text-editor\" data-id=\"d879a56\" data-element_type=\"widget\" data-widget_type=\"text-editor.default\">\n\t\t\t\t<div class=\"elementor-widget-container\">\n\t\t\t\t\t\t\t<p>Wurzelbehandlung bei Argodentis &#8211; Rettung und Erhalt Ihrer Z\u00e4hne in Aarburg<\/p>\t\t\t\t\t\t<\/div>\n\t\t\t\t<\/div>\n\t\t\t\t<\/div>\n\t\t\t\t<\/div>\n\t\t<div class=\"elementor-element elementor-element-0336beb e-con-full e-flex e-con e-parent\" data-id=\"0336beb\" data-element_type=\"container\" data-settings=\"{&quot;content_width&quot;:&quot;full&quot;,&quot;background_background&quot;:&quot;classic&quot;,&quot;container_type&quot;:&quot;flex&quot;}\" data-core-v316-plus=\"true\">\n\t\t\t\t<\/div>\n\t\t<div class=\"elementor-element elementor-element-2d17205 e-con-full e-flex e-con e-parent\" data-id=\"2d17205\" data-element_type=\"container\" data-settings=\"{&quot;content_width&quot;:&quot;full&quot;,&quot;container_type&quot;:&quot;flex&quot;}\" data-core-v316-plus=\"true\">\n\t\t\t\t<div class=\"elementor-element elementor-element-a60d0ce text-gradient elementor-widget elementor-widget-heading\" data-id=\"a60d0ce\" data-element_type=\"widget\" data-widget_type=\"heading.default\">\n\t\t\t\t<div class=\"elementor-widget-container\">\n\t\t\t<h2 class=\"elementor-heading-title elementor-size-default\">Wurzelbehandlung \u2013 Ihr Schl\u00fcssel zur Zahnerhaltung<\/h2>\t\t<\/div>\n\t\t\t\t<\/div>\n\t\t<div class=\"elementor-element elementor-element-04bfed1 e-grid e-con-full e-con e-child\" data-id=\"04bfed1\" data-element_type=\"container\" data-settings=\"{&quot;container_type&quot;:&quot;grid&quot;,&quot;content_width&quot;:&quot;full&quot;,&quot;grid_rows_grid&quot;:{&quot;unit&quot;:&quot;fr&quot;,&quot;size&quot;:1,&quot;sizes&quot;:[]},&quot;grid_outline&quot;:&quot;yes&quot;,&quot;grid_columns_grid&quot;:{&quot;unit&quot;:&quot;fr&quot;,&quot;size&quot;:3,&quot;sizes&quot;:[]},&quot;grid_columns_grid_tablet&quot;:{&quot;unit&quot;:&quot;fr&quot;,&quot;size&quot;:&quot;&quot;,&quot;sizes&quot;:[]},&quot;grid_columns_grid_mobile&quot;:{&quot;unit&quot;:&quot;fr&quot;,&quot;size&quot;:1,&quot;sizes&quot;:[]},&quot;grid_rows_grid_tablet&quot;:{&quot;unit&quot;:&quot;fr&quot;,&quot;size&quot;:&quot;&quot;,&quot;sizes&quot;:[]},&quot;grid_rows_grid_mobile&quot;:{&quot;unit&quot;:&quot;fr&quot;,&quot;size&quot;:&quot;&quot;,&quot;sizes&quot;:[]},&quot;grid_auto_flow&quot;:&quot;row&quot;,&quot;grid_auto_flow_tablet&quot;:&quot;row&quot;,&quot;grid_auto_flow_mobile&quot;:&quot;row&quot;}\">\n\t\t\t\t<div class=\"elementor-element elementor-element-8f3dd25 elementor-widget elementor-widget-image\" data-id=\"8f3dd25\" data-element_type=\"widget\" data-widget_type=\"image.default\">\n\t\t\t\t<div class=\"elementor-widget-container\">\n\t\t\t<style>\/*! elementor - v3.17.0 - 08-11-2023 *\/\n.elementor-widget-image{text-align:center}.elementor-widget-image a{display:inline-block}.elementor-widget-image a img[src$=\".svg\"]{width:48px}.elementor-widget-image img{vertical-align:middle;display:inline-block}<\/style>\t\t\t\t\t\t\t\t\t\t\t\t<img fetchpriority=\"high\" decoding=\"async\" width=\"1920\" height=\"1080\" src=\"https:\/\/zahnaerzte-frick.ch\/wp-content\/uploads\/2023\/11\/Design-ohne-Titel-20.png\" class=\"attachment-full size-full wp-image-1088\" alt=\"\" srcset=\"https:\/\/zahnaerzte-frick.ch\/wp-content\/uploads\/2023\/11\/Design-ohne-Titel-20.png 1920w, https:\/\/zahnaerzte-frick.ch\/wp-content\/uploads\/2023\/11\/Design-ohne-Titel-20-300x169.png 300w, https:\/\/zahnaerzte-frick.ch\/wp-content\/uploads\/2023\/11\/Design-ohne-Titel-20-1024x576.png 1024w, https:\/\/zahnaerzte-frick.ch\/wp-content\/uploads\/2023\/11\/Design-ohne-Titel-20-768x432.png 768w, https:\/\/zahnaerzte-frick.ch\/wp-content\/uploads\/2023\/11\/Design-ohne-Titel-20-1536x864.png 1536w\" sizes=\"(max-width: 1920px) 100vw, 1920px\" \/>\t\t\t\t\t\t\t\t\t\t\t\t\t\t\t<\/div>\n\t\t\t\t<\/div>\n\t\t\t\t<div class=\"elementor-element elementor-element-53d20fb elementor-widget elementor-widget-image\" data-id=\"53d20fb\" data-element_type=\"widget\" data-widget_type=\"image.default\">\n\t\t\t\t<div class=\"elementor-widget-container\">\n\t\t\t\t\t\t\t\t\t\t\t\t\t\t\t<img decoding=\"async\" width=\"1920\" height=\"1080\" src=\"https:\/\/zahnaerzte-frick.ch\/wp-content\/uploads\/2023\/11\/Design-ohne-Titel-18.png\" class=\"attachment-full size-full wp-image-1090\" alt=\"\" srcset=\"https:\/\/zahnaerzte-frick.ch\/wp-content\/uploads\/2023\/11\/Design-ohne-Titel-18.png 1920w, https:\/\/zahnaerzte-frick.ch\/wp-content\/uploads\/2023\/11\/Design-ohne-Titel-18-300x169.png 300w, https:\/\/zahnaerzte-frick.ch\/wp-content\/uploads\/2023\/11\/Design-ohne-Titel-18-1024x576.png 1024w, https:\/\/zahnaerzte-frick.ch\/wp-content\/uploads\/2023\/11\/Design-ohne-Titel-18-768x432.png 768w, https:\/\/zahnaerzte-frick.ch\/wp-content\/uploads\/2023\/11\/Design-ohne-Titel-18-1536x864.png 1536w\" sizes=\"(max-width: 1920px) 100vw, 1920px\" \/>\t\t\t\t\t\t\t\t\t\t\t\t\t\t\t<\/div>\n\t\t\t\t<\/div>\n\t\t\t\t<div class=\"elementor-element elementor-element-0557c7b elementor-widget elementor-widget-image\" data-id=\"0557c7b\" data-element_type=\"widget\" data-widget_type=\"image.default\">\n\t\t\t\t<div class=\"elementor-widget-container\">\n\t\t\t\t\t\t\t\t\t\t\t\t\t\t\t<img decoding=\"async\" width=\"1920\" height=\"1080\" src=\"https:\/\/zahnaerzte-frick.ch\/wp-content\/uploads\/2023\/11\/Design-ohne-Titel-19.png\" class=\"attachment-full size-full wp-image-1089\" alt=\"\" srcset=\"https:\/\/zahnaerzte-frick.ch\/wp-content\/uploads\/2023\/11\/Design-ohne-Titel-19.png 1920w, https:\/\/zahnaerzte-frick.ch\/wp-content\/uploads\/2023\/11\/Design-ohne-Titel-19-300x169.png 300w, https:\/\/zahnaerzte-frick.ch\/wp-content\/uploads\/2023\/11\/Design-ohne-Titel-19-1024x576.png 1024w, https:\/\/zahnaerzte-frick.ch\/wp-content\/uploads\/2023\/11\/Design-ohne-Titel-19-768x432.png 768w, https:\/\/zahnaerzte-frick.ch\/wp-content\/uploads\/2023\/11\/Design-ohne-Titel-19-1536x864.png 1536w\" sizes=\"(max-width: 1920px) 100vw, 1920px\" \/>\t\t\t\t\t\t\t\t\t\t\t\t\t\t\t<\/div>\n\t\t\t\t<\/div>\n\t\t\t\t<\/div>\n\t\t\t\t<div class=\"elementor-element elementor-element-15f0ca8 elementor-widget elementor-widget-text-editor\" data-id=\"15f0ca8\" data-element_type=\"widget\" data-widget_type=\"text-editor.default\">\n\t\t\t\t<div class=\"elementor-widget-container\">\n\t\t\t\t\t\t\t<p>Die Wurzelbehandlung ist ein zentraler Bestandteil der zahnerhaltenden Therapie. In der Zahnarztpraxis Argodentis in Aarburg widmen wir uns mit h\u00f6chster Sorgfalt der Rettung Ihrer nat\u00fcrlichen Z\u00e4hne. Unser Ziel ist es, Ihre Z\u00e4hne langfristig zu bewahren und Ihnen damit Funktion und \u00c4sthetik zu sichern.<\/p>\t\t\t\t\t\t<\/div>\n\t\t\t\t<\/div>\n\t\t\t\t<div class=\"elementor-element elementor-element-9b42591 text-gradient elementor-widget elementor-widget-heading\" data-id=\"9b42591\" data-element_type=\"widget\" data-widget_type=\"heading.default\">\n\t\t\t\t<div class=\"elementor-widget-container\">\n\t\t\t<h2 class=\"elementor-heading-title elementor-size-default\">Modernste Verfahren f\u00fcr Ihre Zahngesundheit<\/h2>\t\t<\/div>\n\t\t\t\t<\/div>\n\t\t\t\t<div class=\"elementor-element elementor-element-62da51d elementor-widget elementor-widget-text-editor\" data-id=\"62da51d\" data-element_type=\"widget\" data-widget_type=\"text-editor.default\">\n\t\t\t\t<div class=\"elementor-widget-container\">\n\t\t\t\t\t\t\t<p>Unser Praxisteam nutzt modernste Techniken und Ger\u00e4te, um Entz\u00fcndungen im Wurzelkanal pr\u00e4zise zu behandeln. Mit mikroskopischer Pr\u00e4zision und feinsten Instrumenten reinigen wir das Zahninnere und entfernen das entz\u00fcndete Gewebe, um die beste Basis f\u00fcr die Heilung zu schaffen.<\/p>\t\t\t\t\t\t<\/div>\n\t\t\t\t<\/div>\n\t\t\t\t<div class=\"elementor-element elementor-element-3a49618 text-gradient elementor-widget elementor-widget-heading\" data-id=\"3a49618\" data-element_type=\"widget\" data-widget_type=\"heading.default\">\n\t\t\t\t<div class=\"elementor-widget-container\">\n\t\t\t<h2 class=\"elementor-heading-title elementor-size-default\">Individuell abgestimmte Wurzelbehandlungen<\/h2>\t\t<\/div>\n\t\t\t\t<\/div>\n\t\t\t\t<div class=\"elementor-element elementor-element-140f269 elementor-widget elementor-widget-text-editor\" data-id=\"140f269\" data-element_type=\"widget\" data-widget_type=\"text-editor.default\">\n\t\t\t\t<div class=\"elementor-widget-container\">\n\t\t\t\t\t\t\t<p>Jeder Zahn ist so individuell wie unsere Patienten. Deshalb bieten wir bei Argodentis ma\u00dfgeschneiderte Wurzelbehandlungen an, die auf die anatomischen Gegebenheiten und die spezifischen Bed\u00fcrfnisse jedes einzelnen Patienten zugeschnitten sind.<\/p>\t\t\t\t\t\t<\/div>\n\t\t\t\t<\/div>\n\t\t\t\t<div class=\"elementor-element elementor-element-6c79c5c text-gradient elementor-widget elementor-widget-heading\" data-id=\"6c79c5c\" data-element_type=\"widget\" data-widget_type=\"heading.default\">\n\t\t\t\t<div class=\"elementor-widget-container\">\n\t\t\t<h2 class=\"elementor-heading-title elementor-size-default\">Verst\u00e4ndnisvolle Betreuung und transparente Kommunikation\n\n<\/h2>\t\t<\/div>\n\t\t\t\t<\/div>\n\t\t\t\t<div class=\"elementor-element elementor-element-d1081ed elementor-widget elementor-widget-text-editor\" data-id=\"d1081ed\" data-element_type=\"widget\" data-widget_type=\"text-editor.default\">\n\t\t\t\t<div class=\"elementor-widget-container\">\n\t\t\t\t\t\t\t<p>Wir verstehen, dass eine Wurzelbehandlung Fragen aufwerfen kann. Unser Team steht Ihnen deshalb immer f\u00fcr eine ausf\u00fchrliche Beratung zur Seite. Wir erkl\u00e4ren Ihnen jeden Schritt des Verfahrens, damit Sie sich sicher und gut informiert f\u00fchlen.<\/p>\t\t\t\t\t\t<\/div>\n\t\t\t\t<\/div>\n\t\t\t\t<div class=\"elementor-element elementor-element-b103bb3 text-gradient elementor-widget elementor-widget-heading\" data-id=\"b103bb3\" data-element_type=\"widget\" data-widget_type=\"heading.default\">\n\t\t\t\t<div class=\"elementor-widget-container\">\n\t\t\t<h2 class=\"elementor-heading-title elementor-size-default\">Vertrauen Sie auf die Expertise von Argodentis\n\n<\/h2>\t\t<\/div>\n\t\t\t\t<\/div>\n\t\t\t\t<div class=\"elementor-element elementor-element-7306b94 elementor-widget elementor-widget-text-editor\" data-id=\"7306b94\" data-element_type=\"widget\" data-widget_type=\"text-editor.default\">\n\t\t\t\t<div class=\"elementor-widget-container\">\n\t\t\t\t\t\t\t<p>Setzen Sie auf die fachliche Kompetenz unserer Zahn\u00e4rzte bei Argodentis. Vereinbaren Sie einen Termin f\u00fcr eine Wurzelbehandlung in Aarburg und lassen Sie uns die Gesundheit Ihres L\u00e4chelns gemeinsam bewahren. Wir sind f\u00fcr Sie da \u2013 f\u00fcr ein Leben lang voller L\u00e4cheln!<\/p>\t\t\t\t\t\t<\/div>\n\t\t\t\t<\/div>\n\t\t\t\t<\/div>\n\t\t<div class=\"elementor-element elementor-element-0e09f1b e-flex e-con-boxed e-con e-parent\" data-id=\"0e09f1b\" data-element_type=\"container\" data-settings=\"{&quot;container_type&quot;:&quot;flex&quot;,&quot;content_width&quot;:&quot;boxed&quot;}\" data-core-v316-plus=\"true\">\n\t\t\t\t\t<div class=\"e-con-inner\">\n\t\t\t\t<div class=\"elementor-element elementor-element-dfe66a2 elementor-align-center text-blue-gradient elementor-widget elementor-widget-button\" data-id=\"dfe66a2\" data-element_type=\"widget\" data-widget_type=\"button.default\">\n\t\t\t\t<div class=\"elementor-widget-container\">\n\t\t\t\t\t<div class=\"elementor-button-wrapper\">\n\t\t\t<a class=\"elementor-button elementor-button-link elementor-size-md elementor-animation-sink\" href=\"#\">\n\t\t\t\t\t\t<span class=\"elementor-button-content-wrapper\">\n\t\t\t\t\t\t<span class=\"elementor-button-text\">Termin vereinbaren<\/span>\n\t\t<\/span>\n\t\t\t\t\t<\/a>\n\t\t<\/div>\n\t\t\t\t<\/div>\n\t\t\t\t<\/div>\n\t\t\t\t\t<\/div>\n\t\t\t\t<\/div>\n\t\t\t\t\t\t\t<\/div>\n\t\t","protected":false},"excerpt":{"rendered":"<p>Leistungen Wurzelbehandlung Wurzelbehandlung bei Argodentis &#8211; Rettung und Erhalt Ihrer Z\u00e4hne in Aarburg Wurzelbehandlung \u2013 Ihr Schl\u00fcssel zur Zahnerhaltung Die Wurzelbehandlung ist ein zentraler Bestandteil der zahnerhaltenden Therapie. In der Zahnarztpraxis Argodentis in Aarburg widmen wir uns mit h\u00f6chster Sorgfalt der Rettung Ihrer nat\u00fcrlichen Z\u00e4hne. Unser Ziel ist es, Ihre Z\u00e4hne langfristig zu bewahren und [&hellip;]<\/p>\n","protected":false},"author":2,"featured_media":0,"parent":0,"menu_order":0,"comment_status":"closed","ping_status":"closed","template":"elementor_header_footer","meta":{"footnotes":""},"class_list":["post-575","page","type-page","status-publish","hentry"],"_links":{"self":[{"href":"https:\/\/zahnaerzte-frick.ch\/index.php?rest_route=\/wp\/v2\/pages\/575","targetHints":{"allow":["GET"]}}],"collection":[{"href":"https:\/\/zahnaerzte-frick.ch\/index.php?rest_route=\/wp\/v2\/pages"}],"about":[{"href":"https:\/\/zahnaerzte-frick.ch\/index.php?rest_route=\/wp\/v2\/types\/page"}],"author":[{"embeddable":true,"href":"https:\/\/zahnaerzte-frick.ch\/index.php?rest_route=\/wp\/v2\/users\/2"}],"replies":[{"embeddable":true,"href":"https:\/\/zahnaerzte-frick.ch\/index.php?rest_route=%2Fwp%2Fv2%2Fcomments&post=575"}],"version-history":[{"count":31,"href":"https:\/\/zahnaerzte-frick.ch\/index.php?rest_route=\/wp\/v2\/pages\/575\/revisions"}],"predecessor-version":[{"id":1093,"href":"https:\/\/zahnaerzte-frick.ch\/index.php?rest_route=\/wp\/v2\/pages\/575\/revisions\/1093"}],"wp:attachment":[{"href":"https:\/\/zahnaerzte-frick.ch\/index.php?rest_route=%2Fwp%2Fv2%2Fmedia&parent=575"}],"curies":[{"name":"wp","href":"https:\/\/api.w.org\/{rel}","templated":true}]}}