{"id":589,"date":"2023-11-29T08:26:49","date_gmt":"2023-11-29T08:26:49","guid":{"rendered":"https:\/\/zahnaerzte-frick.ch\/?page_id=589"},"modified":"2023-11-30T18:02:39","modified_gmt":"2023-11-30T18:02:39","slug":"parodontologie","status":"publish","type":"page","link":"https:\/\/zahnaerzte-frick.ch\/?page_id=589","title":{"rendered":"Parodontologie"},"content":{"rendered":"\t\t<div data-elementor-type=\"wp-page\" data-elementor-id=\"589\" class=\"elementor elementor-589\" data-elementor-post-type=\"page\">\n\t\t\t\t\t\t\t<div class=\"elementor-element elementor-element-7ca3b5b e-grid e-con-full e-con e-parent\" data-id=\"7ca3b5b\" data-element_type=\"container\" data-settings=\"{&quot;container_type&quot;:&quot;grid&quot;,&quot;grid_columns_grid&quot;:{&quot;unit&quot;:&quot;fr&quot;,&quot;size&quot;:2,&quot;sizes&quot;:[]},&quot;grid_rows_grid&quot;:{&quot;unit&quot;:&quot;fr&quot;,&quot;size&quot;:&quot;1&quot;,&quot;sizes&quot;:[]},&quot;grid_rows_grid_mobile&quot;:{&quot;unit&quot;:&quot;fr&quot;,&quot;size&quot;:&quot;1&quot;,&quot;sizes&quot;:[]},&quot;content_width&quot;:&quot;full&quot;,&quot;grid_auto_flow&quot;:&quot;column&quot;,&quot;background_background&quot;:&quot;gradient&quot;,&quot;grid_columns_grid_tablet&quot;:{&quot;unit&quot;:&quot;fr&quot;,&quot;size&quot;:1,&quot;sizes&quot;:[]},&quot;grid_rows_grid_tablet&quot;:{&quot;unit&quot;:&quot;fr&quot;,&quot;size&quot;:1,&quot;sizes&quot;:[]},&quot;grid_outline&quot;:&quot;yes&quot;,&quot;grid_columns_grid_mobile&quot;:{&quot;unit&quot;:&quot;fr&quot;,&quot;size&quot;:1,&quot;sizes&quot;:[]},&quot;grid_auto_flow_tablet&quot;:&quot;row&quot;,&quot;grid_auto_flow_mobile&quot;:&quot;row&quot;}\" data-core-v316-plus=\"true\">\n\t\t<div class=\"elementor-element elementor-element-b8da96f e-con-full e-flex e-con e-child\" data-id=\"b8da96f\" data-element_type=\"container\" data-settings=\"{&quot;content_width&quot;:&quot;full&quot;,&quot;container_type&quot;:&quot;flex&quot;}\">\n\t\t\t\t<div class=\"elementor-element elementor-element-16355ba elementor-widget elementor-widget-text-editor\" data-id=\"16355ba\" data-element_type=\"widget\" data-widget_type=\"text-editor.default\">\n\t\t\t\t<div class=\"elementor-widget-container\">\n\t\t\t<style>\/*! elementor - v3.17.0 - 08-11-2023 *\/\n.elementor-widget-text-editor.elementor-drop-cap-view-stacked .elementor-drop-cap{background-color:#69727d;color:#fff}.elementor-widget-text-editor.elementor-drop-cap-view-framed .elementor-drop-cap{color:#69727d;border:3px solid;background-color:transparent}.elementor-widget-text-editor:not(.elementor-drop-cap-view-default) .elementor-drop-cap{margin-top:8px}.elementor-widget-text-editor:not(.elementor-drop-cap-view-default) .elementor-drop-cap-letter{width:1em;height:1em}.elementor-widget-text-editor .elementor-drop-cap{float:left;text-align:center;line-height:1;font-size:50px}.elementor-widget-text-editor .elementor-drop-cap-letter{display:inline-block}<\/style>\t\t\t\t<p>Leistungen<\/p>\t\t\t\t\t\t<\/div>\n\t\t\t\t<\/div>\n\t\t\t\t<div class=\"elementor-element elementor-element-09274f4 elementor-widget elementor-widget-heading\" data-id=\"09274f4\" data-element_type=\"widget\" data-widget_type=\"heading.default\">\n\t\t\t\t<div class=\"elementor-widget-container\">\n\t\t\t<style>\/*! elementor - v3.17.0 - 08-11-2023 *\/\n.elementor-heading-title{padding:0;margin:0;line-height:1}.elementor-widget-heading .elementor-heading-title[class*=elementor-size-]>a{color:inherit;font-size:inherit;line-height:inherit}.elementor-widget-heading .elementor-heading-title.elementor-size-small{font-size:15px}.elementor-widget-heading .elementor-heading-title.elementor-size-medium{font-size:19px}.elementor-widget-heading .elementor-heading-title.elementor-size-large{font-size:29px}.elementor-widget-heading .elementor-heading-title.elementor-size-xl{font-size:39px}.elementor-widget-heading .elementor-heading-title.elementor-size-xxl{font-size:59px}<\/style><h2 class=\"elementor-heading-title elementor-size-default\">Paradontologie<\/h2>\t\t<\/div>\n\t\t\t\t<\/div>\n\t\t\t\t<\/div>\n\t\t<div class=\"elementor-element elementor-element-98dd250 e-con-full e-flex e-con e-child\" data-id=\"98dd250\" data-element_type=\"container\" data-settings=\"{&quot;content_width&quot;:&quot;full&quot;,&quot;container_type&quot;:&quot;flex&quot;}\">\n\t\t\t\t<div class=\"elementor-element elementor-element-68078bf elementor-widget elementor-widget-text-editor\" data-id=\"68078bf\" data-element_type=\"widget\" data-widget_type=\"text-editor.default\">\n\t\t\t\t<div class=\"elementor-widget-container\">\n\t\t\t\t\t\t\t<p>Ihre Schl\u00fcssel zur gesunden Mundhygiene bei Argodentis in Aarburg<\/p>\t\t\t\t\t\t<\/div>\n\t\t\t\t<\/div>\n\t\t\t\t<\/div>\n\t\t\t\t<\/div>\n\t\t<div class=\"elementor-element elementor-element-5a7fc52 e-con-full e-flex e-con e-parent\" data-id=\"5a7fc52\" data-element_type=\"container\" data-settings=\"{&quot;content_width&quot;:&quot;full&quot;,&quot;background_background&quot;:&quot;classic&quot;,&quot;container_type&quot;:&quot;flex&quot;}\" data-core-v316-plus=\"true\">\n\t\t\t\t<\/div>\n\t\t<div class=\"elementor-element elementor-element-bb5b9e6 e-con-full e-flex e-con e-parent\" data-id=\"bb5b9e6\" data-element_type=\"container\" data-settings=\"{&quot;content_width&quot;:&quot;full&quot;,&quot;container_type&quot;:&quot;flex&quot;}\" data-core-v316-plus=\"true\">\n\t\t\t\t<div class=\"elementor-element elementor-element-79e93b4 text-gradient elementor-widget elementor-widget-heading\" data-id=\"79e93b4\" data-element_type=\"widget\" data-widget_type=\"heading.default\">\n\t\t\t\t<div class=\"elementor-widget-container\">\n\t\t\t<h2 class=\"elementor-heading-title elementor-size-default\">Warum ist Parodontologie so wichtig?<\/h2>\t\t<\/div>\n\t\t\t\t<\/div>\n\t\t<div class=\"elementor-element elementor-element-4719b10 e-grid e-con-full e-con e-child\" data-id=\"4719b10\" data-element_type=\"container\" data-settings=\"{&quot;container_type&quot;:&quot;grid&quot;,&quot;content_width&quot;:&quot;full&quot;,&quot;grid_rows_grid&quot;:{&quot;unit&quot;:&quot;fr&quot;,&quot;size&quot;:1,&quot;sizes&quot;:[]},&quot;grid_outline&quot;:&quot;yes&quot;,&quot;grid_columns_grid&quot;:{&quot;unit&quot;:&quot;fr&quot;,&quot;size&quot;:3,&quot;sizes&quot;:[]},&quot;grid_columns_grid_tablet&quot;:{&quot;unit&quot;:&quot;fr&quot;,&quot;size&quot;:&quot;&quot;,&quot;sizes&quot;:[]},&quot;grid_columns_grid_mobile&quot;:{&quot;unit&quot;:&quot;fr&quot;,&quot;size&quot;:1,&quot;sizes&quot;:[]},&quot;grid_rows_grid_tablet&quot;:{&quot;unit&quot;:&quot;fr&quot;,&quot;size&quot;:&quot;&quot;,&quot;sizes&quot;:[]},&quot;grid_rows_grid_mobile&quot;:{&quot;unit&quot;:&quot;fr&quot;,&quot;size&quot;:&quot;&quot;,&quot;sizes&quot;:[]},&quot;grid_auto_flow&quot;:&quot;row&quot;,&quot;grid_auto_flow_tablet&quot;:&quot;row&quot;,&quot;grid_auto_flow_mobile&quot;:&quot;row&quot;}\">\n\t\t\t\t<div class=\"elementor-element elementor-element-d02acdd elementor-widget elementor-widget-image\" data-id=\"d02acdd\" data-element_type=\"widget\" data-widget_type=\"image.default\">\n\t\t\t\t<div class=\"elementor-widget-container\">\n\t\t\t<style>\/*! elementor - v3.17.0 - 08-11-2023 *\/\n.elementor-widget-image{text-align:center}.elementor-widget-image a{display:inline-block}.elementor-widget-image a img[src$=\".svg\"]{width:48px}.elementor-widget-image img{vertical-align:middle;display:inline-block}<\/style>\t\t\t\t\t\t\t\t\t\t\t\t<img decoding=\"async\" width=\"332\" height=\"138\" src=\"https:\/\/zahnaerzte-frick.ch\/wp-content\/uploads\/2023\/11\/random-wide1.jpg\" class=\"attachment-full size-full wp-image-493\" alt=\"\" srcset=\"https:\/\/zahnaerzte-frick.ch\/wp-content\/uploads\/2023\/11\/random-wide1.jpg 332w, https:\/\/zahnaerzte-frick.ch\/wp-content\/uploads\/2023\/11\/random-wide1-300x125.jpg 300w\" sizes=\"(max-width: 332px) 100vw, 332px\" \/>\t\t\t\t\t\t\t\t\t\t\t\t\t\t\t<\/div>\n\t\t\t\t<\/div>\n\t\t\t\t<div class=\"elementor-element elementor-element-53f45d8 elementor-widget elementor-widget-image\" data-id=\"53f45d8\" data-element_type=\"widget\" data-widget_type=\"image.default\">\n\t\t\t\t<div class=\"elementor-widget-container\">\n\t\t\t\t\t\t\t\t\t\t\t\t\t\t\t<img decoding=\"async\" width=\"332\" height=\"138\" src=\"https:\/\/zahnaerzte-frick.ch\/wp-content\/uploads\/2023\/11\/random-wide2.jpg\" class=\"attachment-full size-full wp-image-494\" alt=\"\" srcset=\"https:\/\/zahnaerzte-frick.ch\/wp-content\/uploads\/2023\/11\/random-wide2.jpg 332w, https:\/\/zahnaerzte-frick.ch\/wp-content\/uploads\/2023\/11\/random-wide2-300x125.jpg 300w\" sizes=\"(max-width: 332px) 100vw, 332px\" \/>\t\t\t\t\t\t\t\t\t\t\t\t\t\t\t<\/div>\n\t\t\t\t<\/div>\n\t\t\t\t<div class=\"elementor-element elementor-element-7bdc83f elementor-widget elementor-widget-image\" data-id=\"7bdc83f\" data-element_type=\"widget\" data-widget_type=\"image.default\">\n\t\t\t\t<div class=\"elementor-widget-container\">\n\t\t\t\t\t\t\t\t\t\t\t\t\t\t\t<img decoding=\"async\" width=\"332\" height=\"138\" src=\"https:\/\/zahnaerzte-frick.ch\/wp-content\/uploads\/2023\/11\/random-wide3.jpg\" class=\"attachment-full size-full wp-image-495\" alt=\"\" srcset=\"https:\/\/zahnaerzte-frick.ch\/wp-content\/uploads\/2023\/11\/random-wide3.jpg 332w, https:\/\/zahnaerzte-frick.ch\/wp-content\/uploads\/2023\/11\/random-wide3-300x125.jpg 300w\" sizes=\"(max-width: 332px) 100vw, 332px\" \/>\t\t\t\t\t\t\t\t\t\t\t\t\t\t\t<\/div>\n\t\t\t\t<\/div>\n\t\t\t\t<\/div>\n\t\t\t\t<div class=\"elementor-element elementor-element-1b02fe6 elementor-widget elementor-widget-text-editor\" data-id=\"1b02fe6\" data-element_type=\"widget\" data-widget_type=\"text-editor.default\">\n\t\t\t\t<div class=\"elementor-widget-container\">\n\t\t\t\t\t\t\t<p>Parodontalerkrankungen, wie Parodontitis, sind weit verbreitet und k\u00f6nnen schwerwiegende Auswirkungen auf Ihre Mundgesundheit haben. Sie entstehen, wenn Bakterien und Entz\u00fcndungen das Zahnfleisch und das umgebende Gewebe angreifen. Unbehandelt k\u00f6nnen sie zu Zahnverlust und anderen gesundheitlichen Problemen f\u00fchren. Unsere erfahrenen Parodontologen in Aarburg sind darauf spezialisiert, Parodontalerkrankungen fr\u00fchzeitig zu erkennen und effektiv zu behandeln.<\/p><p><strong>Unsere parodontologischen Leistungen bei Argodentis<\/strong><\/p><p>Bei Argodentis bieten wir eine breite Palette von parodontologischen Leistungen an, um sicherzustellen, dass Ihre Mundgesundheit in Topform bleibt. Dazu geh\u00f6ren:<\/p><ol><li><p><strong>Parodontale Untersuchung und Diagnose:<\/strong> Unsere Experten f\u00fchren gr\u00fcndliche Untersuchungen durch, um den Zustand Ihres Zahnfleisches zu beurteilen und eventuelle Probleme fr\u00fchzeitig zu erkennen.<\/p><\/li><li><p><strong>Parodontale Behandlungen:<\/strong> Falls eine Parodontalerkrankung diagnostiziert wird, bieten wir massgeschneiderte Behandlungspl\u00e4ne an, darunter scaling und root planing, um die Bakterien zu beseitigen und das Gewebe zu heilen.<\/p><\/li><li><p><strong>Vorbeugung und Pflege:<\/strong> Wir geben Ihnen wertvolle Tipps zur Mundhygiene und unterst\u00fctzen Sie bei der Pr\u00e4vention von Parodontalerkrankungen, um zuk\u00fcnftige Probleme zu vermeiden.<\/p><\/li><\/ol><p><strong>Warum Argodentis w\u00e4hlen?<\/strong><\/p><p>Argodentis in Aarburg zeichnet sich nicht nur durch unsere exzellenten parodontologischen Dienstleistungen aus, sondern auch durch unser engagiertes Team von Zahn\u00e4rzten und die Verwendung modernster Technologien. Wir nehmen uns die Zeit, Ihre Bed\u00fcrfnisse zu verstehen, und bieten Ihnen eine individuelle Betreuung, die auf Ihre speziellen Anforderungen zugeschnitten ist.<\/p>\t\t\t\t\t\t<\/div>\n\t\t\t\t<\/div>\n\t\t\t\t<\/div>\n\t\t<div class=\"elementor-element elementor-element-befa581 e-flex e-con-boxed e-con e-parent\" data-id=\"befa581\" data-element_type=\"container\" data-settings=\"{&quot;container_type&quot;:&quot;flex&quot;,&quot;content_width&quot;:&quot;boxed&quot;}\" data-core-v316-plus=\"true\">\n\t\t\t\t\t<div class=\"e-con-inner\">\n\t\t\t\t<div class=\"elementor-element elementor-element-d06d8f8 elementor-align-center text-blue-gradient elementor-widget elementor-widget-button\" data-id=\"d06d8f8\" data-element_type=\"widget\" data-widget_type=\"button.default\">\n\t\t\t\t<div class=\"elementor-widget-container\">\n\t\t\t\t\t<div class=\"elementor-button-wrapper\">\n\t\t\t<a class=\"elementor-button elementor-button-link elementor-size-md elementor-animation-sink\" href=\"#\">\n\t\t\t\t\t\t<span class=\"elementor-button-content-wrapper\">\n\t\t\t\t\t\t<span class=\"elementor-button-text\">Termin vereinbaren<\/span>\n\t\t<\/span>\n\t\t\t\t\t<\/a>\n\t\t<\/div>\n\t\t\t\t<\/div>\n\t\t\t\t<\/div>\n\t\t\t\t\t<\/div>\n\t\t\t\t<\/div>\n\t\t\t\t\t\t\t<\/div>\n\t\t","protected":false},"excerpt":{"rendered":"<p>Leistungen Paradontologie Ihre Schl\u00fcssel zur gesunden Mundhygiene bei Argodentis in Aarburg Warum ist Parodontologie so wichtig? Parodontalerkrankungen, wie Parodontitis, sind weit verbreitet und k\u00f6nnen schwerwiegende Auswirkungen auf Ihre Mundgesundheit haben. Sie entstehen, wenn Bakterien und Entz\u00fcndungen das Zahnfleisch und das umgebende Gewebe angreifen. Unbehandelt k\u00f6nnen sie zu Zahnverlust und anderen gesundheitlichen Problemen f\u00fchren. Unsere erfahrenen [&hellip;]<\/p>\n","protected":false},"author":2,"featured_media":0,"parent":0,"menu_order":0,"comment_status":"closed","ping_status":"closed","template":"elementor_header_footer","meta":{"footnotes":""},"class_list":["post-589","page","type-page","status-publish","hentry"],"_links":{"self":[{"href":"https:\/\/zahnaerzte-frick.ch\/index.php?rest_route=\/wp\/v2\/pages\/589","targetHints":{"allow":["GET"]}}],"collection":[{"href":"https:\/\/zahnaerzte-frick.ch\/index.php?rest_route=\/wp\/v2\/pages"}],"about":[{"href":"https:\/\/zahnaerzte-frick.ch\/index.php?rest_route=\/wp\/v2\/types\/page"}],"author":[{"embeddable":true,"href":"https:\/\/zahnaerzte-frick.ch\/index.php?rest_route=\/wp\/v2\/users\/2"}],"replies":[{"embeddable":true,"href":"https:\/\/zahnaerzte-frick.ch\/index.php?rest_route=%2Fwp%2Fv2%2Fcomments&post=589"}],"version-history":[{"count":17,"href":"https:\/\/zahnaerzte-frick.ch\/index.php?rest_route=\/wp\/v2\/pages\/589\/revisions"}],"predecessor-version":[{"id":1029,"href":"https:\/\/zahnaerzte-frick.ch\/index.php?rest_route=\/wp\/v2\/pages\/589\/revisions\/1029"}],"wp:attachment":[{"href":"https:\/\/zahnaerzte-frick.ch\/index.php?rest_route=%2Fwp%2Fv2%2Fmedia&parent=589"}],"curies":[{"name":"wp","href":"https:\/\/api.w.org\/{rel}","templated":true}]}}